{"id":233,"date":"2022-06-21T15:04:17","date_gmt":"2022-06-21T15:04:17","guid":{"rendered":"https:\/\/www.sixtyninetattoo.ch\/?page_id=233"},"modified":"2026-01-21T20:38:52","modified_gmt":"2026-01-21T19:38:52","slug":"evelyne-roth-about","status":"publish","type":"page","link":"https:\/\/www.sixtyninetattoo.ch\/index.php\/sixtynine-tattoo\/evelyne-roth-about\/","title":{"rendered":"About Evelyne Roth"},"content":{"rendered":"\n<ul class=\"wp-block-social-links is-content-justification-right is-layout-flex wp-container-core-social-links-is-layout-765c4724 wp-block-social-links-is-layout-flex\"><li class=\"wp-social-link wp-social-link-facebook  wp-block-social-link\"><a href=\"https:\/\/www.facebook.com\/profile.php?id=100084246247508\" class=\"wp-block-social-link-anchor\"><svg width=\"24\" height=\"24\" viewBox=\"0 0 24 24\" version=\"1.1\" xmlns=\"http:\/\/www.w3.org\/2000\/svg\" aria-hidden=\"true\" focusable=\"false\"><path d=\"M12 2C6.5 2 2 6.5 2 12c0 5 3.7 9.1 8.4 9.9v-7H7.9V12h2.5V9.8c0-2.5 1.5-3.9 3.8-3.9 1.1 0 2.2.2 2.2.2v2.5h-1.3c-1.2 0-1.6.8-1.6 1.6V12h2.8l-.4 2.9h-2.3v7C18.3 21.1 22 17 22 12c0-5.5-4.5-10-10-10z\"><\/path><\/svg><span class=\"wp-block-social-link-label screen-reader-text\">Facebook<\/span><\/a><\/li>\n\n<li class=\"wp-social-link wp-social-link-instagram  wp-block-social-link\"><a href=\"https:\/\/www.instagram.com\/sixtyninetattoosursee\/\" class=\"wp-block-social-link-anchor\"><svg width=\"24\" height=\"24\" viewBox=\"0 0 24 24\" version=\"1.1\" xmlns=\"http:\/\/www.w3.org\/2000\/svg\" aria-hidden=\"true\" focusable=\"false\"><path d=\"M12,4.622c2.403,0,2.688,0.009,3.637,0.052c0.877,0.04,1.354,0.187,1.671,0.31c0.42,0.163,0.72,0.358,1.035,0.673 c0.315,0.315,0.51,0.615,0.673,1.035c0.123,0.317,0.27,0.794,0.31,1.671c0.043,0.949,0.052,1.234,0.052,3.637 s-0.009,2.688-0.052,3.637c-0.04,0.877-0.187,1.354-0.31,1.671c-0.163,0.42-0.358,0.72-0.673,1.035 c-0.315,0.315-0.615,0.51-1.035,0.673c-0.317,0.123-0.794,0.27-1.671,0.31c-0.949,0.043-1.233,0.052-3.637,0.052 s-2.688-0.009-3.637-0.052c-0.877-0.04-1.354-0.187-1.671-0.31c-0.42-0.163-0.72-0.358-1.035-0.673 c-0.315-0.315-0.51-0.615-0.673-1.035c-0.123-0.317-0.27-0.794-0.31-1.671C4.631,14.688,4.622,14.403,4.622,12 s0.009-2.688,0.052-3.637c0.04-0.877,0.187-1.354,0.31-1.671c0.163-0.42,0.358-0.72,0.673-1.035 c0.315-0.315,0.615-0.51,1.035-0.673c0.317-0.123,0.794-0.27,1.671-0.31C9.312,4.631,9.597,4.622,12,4.622 M12,3 C9.556,3,9.249,3.01,8.289,3.054C7.331,3.098,6.677,3.25,6.105,3.472C5.513,3.702,5.011,4.01,4.511,4.511 c-0.5,0.5-0.808,1.002-1.038,1.594C3.25,6.677,3.098,7.331,3.054,8.289C3.01,9.249,3,9.556,3,12c0,2.444,0.01,2.751,0.054,3.711 c0.044,0.958,0.196,1.612,0.418,2.185c0.23,0.592,0.538,1.094,1.038,1.594c0.5,0.5,1.002,0.808,1.594,1.038 c0.572,0.222,1.227,0.375,2.185,0.418C9.249,20.99,9.556,21,12,21s2.751-0.01,3.711-0.054c0.958-0.044,1.612-0.196,2.185-0.418 c0.592-0.23,1.094-0.538,1.594-1.038c0.5-0.5,0.808-1.002,1.038-1.594c0.222-0.572,0.375-1.227,0.418-2.185 C20.99,14.751,21,14.444,21,12s-0.01-2.751-0.054-3.711c-0.044-0.958-0.196-1.612-0.418-2.185c-0.23-0.592-0.538-1.094-1.038-1.594 c-0.5-0.5-1.002-0.808-1.594-1.038c-0.572-0.222-1.227-0.375-2.185-0.418C14.751,3.01,14.444,3,12,3L12,3z M12,7.378 c-2.552,0-4.622,2.069-4.622,4.622S9.448,16.622,12,16.622s4.622-2.069,4.622-4.622S14.552,7.378,12,7.378z M12,15 c-1.657,0-3-1.343-3-3s1.343-3,3-3s3,1.343,3,3S13.657,15,12,15z M16.804,6.116c-0.596,0-1.08,0.484-1.08,1.08 s0.484,1.08,1.08,1.08c0.596,0,1.08-0.484,1.08-1.08S17.401,6.116,16.804,6.116z\"><\/path><\/svg><span class=\"wp-block-social-link-label screen-reader-text\">Instagram<\/span><\/a><\/li><\/ul>\n\n\n\n<div class=\"wp-block-media-text alignwide is-stacked-on-mobile is-vertically-aligned-top\" style=\"grid-template-columns:24% auto\"><figure class=\"wp-block-media-text__media\"><img loading=\"lazy\" decoding=\"async\" width=\"668\" height=\"873\" src=\"https:\/\/www.sixtyninetattoo.ch\/wp-content\/uploads\/2022\/07\/Evelyne_Roth-1.png\" alt=\"Evelyne Roth Tattoo Artist\" class=\"wp-image-299 size-full\" srcset=\"https:\/\/www.sixtyninetattoo.ch\/wp-content\/uploads\/2022\/07\/Evelyne_Roth-1.png 668w, https:\/\/www.sixtyninetattoo.ch\/wp-content\/uploads\/2022\/07\/Evelyne_Roth-1-230x300.png 230w\" sizes=\"auto, (max-width: 668px) 100vw, 668px\" \/><\/figure><div class=\"wp-block-media-text__content\">\n<p>Geboren ist Evelyne, oder Evi Roth im Juli 1969 in St.Gallen.<br>Von 1989 bis 1992 besuchte sie die Kunstschulen Farbm\u00fchle und Material und Form; und belegte<br>zeitgleich Abendkurse an der heutigen Kunsthochschule in Luzern.<br>Sie spielte auch Bass, sang in diversen Bands und die weiteste Tournee f\u00fchrte sie bis nach<br>St.Petersburg. <\/p>\n\n\n\n<p>Evelyne war schon immer ein musischer Mensch, der sich leidenschaftlich gerne kreativ,<br>k\u00fcnstlerisch bet\u00e4tigte.<br>In den 90ziger Jahren fing ihre Cousine Jacqueline Spoerle in Luzern an zu t\u00e4towieren. Sie war von<br>Anfang an fasziniert und begeistert von dieser Idee. Jacqueline hatte sie darauf hingewiesen, dass dieses doch auch ein Beruf f\u00fcr sie w\u00e4re\u2026<\/p>\n\n\n\n<p><br>Zuerst hat sie sich aber einer anderen Leidenschaft gewidmet. Von 1993 bis 1997 besuchte sie die<br>Kantonale Schnnitzlerschule in Brienz und machte dort ihren Abschluss als Eidgen\u00f6ssisch diplomierte<br>Holzbildhauerin.<br>Anschliessend besuchte Sie einen Kurs beim Bildhauer Josef Carisch an der heutigen Z\u00fcrcher Hochschule der K\u00fcnste und war Mitglied im Kunstverein Bildzwang in Luzern. Nebenbei jobbte<br>sie im XXX Tattoostudio von Jacqueline Spoerle, Rob Koss und Valentin Steinmann.<\/p>\n\n\n\n<p><br>2002 bis 2011 lebte sie zusammen mit Heiko Gantenberg in Marl, Deutschland.<br>In dieser Zeit war sie als freiberufliche Bildhauerin t\u00e4tig. Sie erstellte Kundenauftr\u00e4ge in Holz, gab Schnitzkurse, stelle ihre eigenen Arbeiten und Skulpturen in Galerien aus, usw<br>im Top Notch Tattoostudio bei Heiko und danach im Corazon Tattoo Studio ihrer Cousine<br>erlernte sie w\u00e4hrend dieser Zeit auch das T\u00e4towierhandwerk.<\/p>\n\n\n\n<p><br>Von 2011 bis 2022 arbeitete sie mit Valentin Steinmann zusammen im Biodelic Art Tattoostudio in Sursee.<br>2022 er\u00f6ffnet sie mit Sabine Gaffron ihr eigenes Tattoostudio. Sabine wanderte dann aber im September 2024 nach Schweden aus und seitdem ist Valentin Steinmann  Mitglied bei Sixtynine Tattoo.<\/p>\n\n\n\n<p><br>Evelyne sticht gerne feine T\u00e4towierungen, liebt Ornamentales, Jugendstil, Keltisches, Tiere und vieles<br>mehr. Obwohl sie ihren ganz eigenen Stil hat, experimentiert sie gerne weiter . Ihr ist das pers\u00f6nliche Gespr\u00e4ch mit ihren Kunden und Kundinnen sehr wichtig, danach fertigt sie eine individuelle Zeichnung.<\/p>\n\n\n\n<p>2025 hat Evelyne entschieden, dass es Zeit wird, wieder etwas mehr im holzbildhauerischen Bereich t\u00e4tig zu sein. In ihrer Werkstatt werden deshalb auch Kurse im Holzschnitzen\/bildhauern angeboten. Evelyne gef\u00e4llt es, wie sich das dreidimensionale Arbeiten im Holz, auf`s Zeichnen und t\u00e4towieren des menschlichen K\u00f6rper auswirkt; und umgekehrt. Auch findet sie es spannend, mit Menschen zusammen kreativ zu sein. Man inspiriert sich gegenseitig und die Freude multipliziert sich. <\/p>\n\n\n\n<p><br><\/p>\n<\/div><\/div>\n\n\n\n<p><\/p>\n","protected":false},"excerpt":{"rendered":"<p>Geboren ist Evelyne, oder Evi Roth im Juli 1969 in St.Gallen.Von 1989 bis 1992 besuchte sie die Kunstschulen Farbm\u00fchle und Material und Form; und belegtezeitgleich Abendkurse an der heutigen Kunsthochschule in Luzern.Sie spielte auch Bass, sang in diversen Bands und die weiteste Tournee f\u00fchrte sie bis nachSt.Petersburg. Evelyne war schon immer ein musischer Mensch, der &#8230; <a title=\"About Evelyne Roth\" class=\"read-more\" href=\"https:\/\/www.sixtyninetattoo.ch\/index.php\/sixtynine-tattoo\/evelyne-roth-about\/\" aria-label=\"Read more about About Evelyne Roth\">mehr lesen<\/a><\/p>\n","protected":false},"author":1,"featured_media":0,"parent":48,"menu_order":0,"comment_status":"closed","ping_status":"closed","template":"","meta":{"ngg_post_thumbnail":0,"footnotes":""},"class_list":["post-233","page","type-page","status-publish"],"yoast_head":"<!-- This site is optimized with the Yoast SEO plugin v27.4 - https:\/\/yoast.com\/product\/yoast-seo-wordpress\/ -->\n<title>About Evelyne Roth - SixtyNine Tattoo<\/title>\n<meta name=\"description\" content=\"About Evelyne Roth Tattoo Artist\" \/>\n<meta name=\"robots\" content=\"index, follow, max-snippet:-1, max-image-preview:large, max-video-preview:-1\" \/>\n<link rel=\"canonical\" href=\"https:\/\/www.sixtyninetattoo.ch\/index.php\/sixtynine-tattoo\/evelyne-roth-about\/\" \/>\n<meta property=\"og:locale\" content=\"de_DE\" \/>\n<meta property=\"og:type\" content=\"article\" \/>\n<meta property=\"og:title\" content=\"About Evelyne Roth - SixtyNine Tattoo\" \/>\n<meta property=\"og:description\" content=\"About Evelyne Roth Tattoo Artist\" \/>\n<meta property=\"og:url\" content=\"https:\/\/www.sixtyninetattoo.ch\/index.php\/sixtynine-tattoo\/evelyne-roth-about\/\" \/>\n<meta property=\"og:site_name\" content=\"SixtyNine Tattoo\" \/>\n<meta property=\"article:publisher\" content=\"https:\/\/www.facebook.com\/SixtyNine-Tattoo-Sursee-104003242412217\/\" \/>\n<meta property=\"article:modified_time\" content=\"2026-01-21T19:38:52+00:00\" \/>\n<meta property=\"og:image\" content=\"https:\/\/www.sixtyninetattoo.ch\/wp-content\/uploads\/2022\/07\/Evelyne_Roth-1.png\" \/>\n\t<meta property=\"og:image:width\" content=\"668\" \/>\n\t<meta property=\"og:image:height\" content=\"873\" \/>\n\t<meta property=\"og:image:type\" content=\"image\/png\" \/>\n<meta name=\"twitter:card\" content=\"summary_large_image\" \/>\n<meta name=\"twitter:label1\" content=\"Gesch\u00e4tzte Lesezeit\" \/>\n\t<meta name=\"twitter:data1\" content=\"2\u00a0Minuten\" \/>\n<script type=\"application\/ld+json\" class=\"yoast-schema-graph\">{\"@context\":\"https:\\\/\\\/schema.org\",\"@graph\":[{\"@type\":\"WebPage\",\"@id\":\"https:\\\/\\\/www.sixtyninetattoo.ch\\\/index.php\\\/sixtynine-tattoo\\\/evelyne-roth-about\\\/\",\"url\":\"https:\\\/\\\/www.sixtyninetattoo.ch\\\/index.php\\\/sixtynine-tattoo\\\/evelyne-roth-about\\\/\",\"name\":\"About Evelyne Roth - SixtyNine Tattoo\",\"isPartOf\":{\"@id\":\"https:\\\/\\\/www.sixtyninetattoo.ch\\\/#website\"},\"primaryImageOfPage\":{\"@id\":\"https:\\\/\\\/www.sixtyninetattoo.ch\\\/index.php\\\/sixtynine-tattoo\\\/evelyne-roth-about\\\/#primaryimage\"},\"image\":{\"@id\":\"https:\\\/\\\/www.sixtyninetattoo.ch\\\/index.php\\\/sixtynine-tattoo\\\/evelyne-roth-about\\\/#primaryimage\"},\"thumbnailUrl\":\"https:\\\/\\\/www.sixtyninetattoo.ch\\\/wp-content\\\/uploads\\\/2022\\\/07\\\/Evelyne_Roth-1.png\",\"datePublished\":\"2022-06-21T15:04:17+00:00\",\"dateModified\":\"2026-01-21T19:38:52+00:00\",\"description\":\"About Evelyne Roth Tattoo Artist\",\"breadcrumb\":{\"@id\":\"https:\\\/\\\/www.sixtyninetattoo.ch\\\/index.php\\\/sixtynine-tattoo\\\/evelyne-roth-about\\\/#breadcrumb\"},\"inLanguage\":\"de-CH\",\"potentialAction\":[{\"@type\":\"ReadAction\",\"target\":[\"https:\\\/\\\/www.sixtyninetattoo.ch\\\/index.php\\\/sixtynine-tattoo\\\/evelyne-roth-about\\\/\"]}]},{\"@type\":\"ImageObject\",\"inLanguage\":\"de-CH\",\"@id\":\"https:\\\/\\\/www.sixtyninetattoo.ch\\\/index.php\\\/sixtynine-tattoo\\\/evelyne-roth-about\\\/#primaryimage\",\"url\":\"https:\\\/\\\/www.sixtyninetattoo.ch\\\/wp-content\\\/uploads\\\/2022\\\/07\\\/Evelyne_Roth-1.png\",\"contentUrl\":\"https:\\\/\\\/www.sixtyninetattoo.ch\\\/wp-content\\\/uploads\\\/2022\\\/07\\\/Evelyne_Roth-1.png\",\"width\":668,\"height\":873},{\"@type\":\"BreadcrumbList\",\"@id\":\"https:\\\/\\\/www.sixtyninetattoo.ch\\\/index.php\\\/sixtynine-tattoo\\\/evelyne-roth-about\\\/#breadcrumb\",\"itemListElement\":[{\"@type\":\"ListItem\",\"position\":1,\"name\":\"Home\",\"item\":\"https:\\\/\\\/www.sixtyninetattoo.ch\\\/\"},{\"@type\":\"ListItem\",\"position\":2,\"name\":\"SixtyNine Tattoo Sursee\",\"item\":\"https:\\\/\\\/www.sixtyninetattoo.ch\\\/\"},{\"@type\":\"ListItem\",\"position\":3,\"name\":\"About Evelyne Roth\"}]},{\"@type\":\"WebSite\",\"@id\":\"https:\\\/\\\/www.sixtyninetattoo.ch\\\/#website\",\"url\":\"https:\\\/\\\/www.sixtyninetattoo.ch\\\/\",\"name\":\"SixtyNine Tattoo\",\"description\":\"\",\"publisher\":{\"@id\":\"https:\\\/\\\/www.sixtyninetattoo.ch\\\/#organization\"},\"potentialAction\":[{\"@type\":\"SearchAction\",\"target\":{\"@type\":\"EntryPoint\",\"urlTemplate\":\"https:\\\/\\\/www.sixtyninetattoo.ch\\\/?s={search_term_string}\"},\"query-input\":{\"@type\":\"PropertyValueSpecification\",\"valueRequired\":true,\"valueName\":\"search_term_string\"}}],\"inLanguage\":\"de-CH\"},{\"@type\":\"Organization\",\"@id\":\"https:\\\/\\\/www.sixtyninetattoo.ch\\\/#organization\",\"name\":\"SixtyNine Tattoo\",\"url\":\"https:\\\/\\\/www.sixtyninetattoo.ch\\\/\",\"logo\":{\"@type\":\"ImageObject\",\"inLanguage\":\"de-CH\",\"@id\":\"https:\\\/\\\/www.sixtyninetattoo.ch\\\/#\\\/schema\\\/logo\\\/image\\\/\",\"url\":\"https:\\\/\\\/www.sixtyninetattoo.ch\\\/wp-content\\\/uploads\\\/2022\\\/06\\\/69_icon.jpg\",\"contentUrl\":\"https:\\\/\\\/www.sixtyninetattoo.ch\\\/wp-content\\\/uploads\\\/2022\\\/06\\\/69_icon.jpg\",\"width\":277,\"height\":279,\"caption\":\"SixtyNine Tattoo\"},\"image\":{\"@id\":\"https:\\\/\\\/www.sixtyninetattoo.ch\\\/#\\\/schema\\\/logo\\\/image\\\/\"},\"sameAs\":[\"https:\\\/\\\/www.facebook.com\\\/SixtyNine-Tattoo-Sursee-104003242412217\\\/\"]}]}<\/script>\n<!-- \/ Yoast SEO plugin. -->","yoast_head_json":{"title":"About Evelyne Roth - SixtyNine Tattoo","description":"About Evelyne Roth Tattoo Artist","robots":{"index":"index","follow":"follow","max-snippet":"max-snippet:-1","max-image-preview":"max-image-preview:large","max-video-preview":"max-video-preview:-1"},"canonical":"https:\/\/www.sixtyninetattoo.ch\/index.php\/sixtynine-tattoo\/evelyne-roth-about\/","og_locale":"de_DE","og_type":"article","og_title":"About Evelyne Roth - SixtyNine Tattoo","og_description":"About Evelyne Roth Tattoo Artist","og_url":"https:\/\/www.sixtyninetattoo.ch\/index.php\/sixtynine-tattoo\/evelyne-roth-about\/","og_site_name":"SixtyNine Tattoo","article_publisher":"https:\/\/www.facebook.com\/SixtyNine-Tattoo-Sursee-104003242412217\/","article_modified_time":"2026-01-21T19:38:52+00:00","og_image":[{"width":668,"height":873,"url":"https:\/\/www.sixtyninetattoo.ch\/wp-content\/uploads\/2022\/07\/Evelyne_Roth-1.png","type":"image\/png"}],"twitter_card":"summary_large_image","twitter_misc":{"Gesch\u00e4tzte Lesezeit":"2\u00a0Minuten"},"schema":{"@context":"https:\/\/schema.org","@graph":[{"@type":"WebPage","@id":"https:\/\/www.sixtyninetattoo.ch\/index.php\/sixtynine-tattoo\/evelyne-roth-about\/","url":"https:\/\/www.sixtyninetattoo.ch\/index.php\/sixtynine-tattoo\/evelyne-roth-about\/","name":"About Evelyne Roth - SixtyNine Tattoo","isPartOf":{"@id":"https:\/\/www.sixtyninetattoo.ch\/#website"},"primaryImageOfPage":{"@id":"https:\/\/www.sixtyninetattoo.ch\/index.php\/sixtynine-tattoo\/evelyne-roth-about\/#primaryimage"},"image":{"@id":"https:\/\/www.sixtyninetattoo.ch\/index.php\/sixtynine-tattoo\/evelyne-roth-about\/#primaryimage"},"thumbnailUrl":"https:\/\/www.sixtyninetattoo.ch\/wp-content\/uploads\/2022\/07\/Evelyne_Roth-1.png","datePublished":"2022-06-21T15:04:17+00:00","dateModified":"2026-01-21T19:38:52+00:00","description":"About Evelyne Roth Tattoo Artist","breadcrumb":{"@id":"https:\/\/www.sixtyninetattoo.ch\/index.php\/sixtynine-tattoo\/evelyne-roth-about\/#breadcrumb"},"inLanguage":"de-CH","potentialAction":[{"@type":"ReadAction","target":["https:\/\/www.sixtyninetattoo.ch\/index.php\/sixtynine-tattoo\/evelyne-roth-about\/"]}]},{"@type":"ImageObject","inLanguage":"de-CH","@id":"https:\/\/www.sixtyninetattoo.ch\/index.php\/sixtynine-tattoo\/evelyne-roth-about\/#primaryimage","url":"https:\/\/www.sixtyninetattoo.ch\/wp-content\/uploads\/2022\/07\/Evelyne_Roth-1.png","contentUrl":"https:\/\/www.sixtyninetattoo.ch\/wp-content\/uploads\/2022\/07\/Evelyne_Roth-1.png","width":668,"height":873},{"@type":"BreadcrumbList","@id":"https:\/\/www.sixtyninetattoo.ch\/index.php\/sixtynine-tattoo\/evelyne-roth-about\/#breadcrumb","itemListElement":[{"@type":"ListItem","position":1,"name":"Home","item":"https:\/\/www.sixtyninetattoo.ch\/"},{"@type":"ListItem","position":2,"name":"SixtyNine Tattoo Sursee","item":"https:\/\/www.sixtyninetattoo.ch\/"},{"@type":"ListItem","position":3,"name":"About Evelyne Roth"}]},{"@type":"WebSite","@id":"https:\/\/www.sixtyninetattoo.ch\/#website","url":"https:\/\/www.sixtyninetattoo.ch\/","name":"SixtyNine Tattoo","description":"","publisher":{"@id":"https:\/\/www.sixtyninetattoo.ch\/#organization"},"potentialAction":[{"@type":"SearchAction","target":{"@type":"EntryPoint","urlTemplate":"https:\/\/www.sixtyninetattoo.ch\/?s={search_term_string}"},"query-input":{"@type":"PropertyValueSpecification","valueRequired":true,"valueName":"search_term_string"}}],"inLanguage":"de-CH"},{"@type":"Organization","@id":"https:\/\/www.sixtyninetattoo.ch\/#organization","name":"SixtyNine Tattoo","url":"https:\/\/www.sixtyninetattoo.ch\/","logo":{"@type":"ImageObject","inLanguage":"de-CH","@id":"https:\/\/www.sixtyninetattoo.ch\/#\/schema\/logo\/image\/","url":"https:\/\/www.sixtyninetattoo.ch\/wp-content\/uploads\/2022\/06\/69_icon.jpg","contentUrl":"https:\/\/www.sixtyninetattoo.ch\/wp-content\/uploads\/2022\/06\/69_icon.jpg","width":277,"height":279,"caption":"SixtyNine Tattoo"},"image":{"@id":"https:\/\/www.sixtyninetattoo.ch\/#\/schema\/logo\/image\/"},"sameAs":["https:\/\/www.facebook.com\/SixtyNine-Tattoo-Sursee-104003242412217\/"]}]}},"_links":{"self":[{"href":"https:\/\/www.sixtyninetattoo.ch\/index.php\/wp-json\/wp\/v2\/pages\/233","targetHints":{"allow":["GET"]}}],"collection":[{"href":"https:\/\/www.sixtyninetattoo.ch\/index.php\/wp-json\/wp\/v2\/pages"}],"about":[{"href":"https:\/\/www.sixtyninetattoo.ch\/index.php\/wp-json\/wp\/v2\/types\/page"}],"author":[{"embeddable":true,"href":"https:\/\/www.sixtyninetattoo.ch\/index.php\/wp-json\/wp\/v2\/users\/1"}],"replies":[{"embeddable":true,"href":"https:\/\/www.sixtyninetattoo.ch\/index.php\/wp-json\/wp\/v2\/comments?post=233"}],"version-history":[{"count":18,"href":"https:\/\/www.sixtyninetattoo.ch\/index.php\/wp-json\/wp\/v2\/pages\/233\/revisions"}],"predecessor-version":[{"id":901,"href":"https:\/\/www.sixtyninetattoo.ch\/index.php\/wp-json\/wp\/v2\/pages\/233\/revisions\/901"}],"up":[{"embeddable":true,"href":"https:\/\/www.sixtyninetattoo.ch\/index.php\/wp-json\/wp\/v2\/pages\/48"}],"wp:attachment":[{"href":"https:\/\/www.sixtyninetattoo.ch\/index.php\/wp-json\/wp\/v2\/media?parent=233"}],"curies":[{"name":"wp","href":"https:\/\/api.w.org\/{rel}","templated":true}]}}